{"id":2082,"date":"2026-04-09T01:46:18","date_gmt":"2026-04-08T23:46:18","guid":{"rendered":"https:\/\/xaviermonsalvatje.com\/?page_id=2082"},"modified":"2026-04-09T01:55:13","modified_gmt":"2026-04-08T23:55:13","slug":"posters","status":"publish","type":"page","link":"https:\/\/xaviermonsalvatje.com\/en\/posters\/","title":{"rendered":"Posters"},"content":{"rendered":"<p>[vc_row css_animation=&#8221;&#8221; row_type=&#8221;row&#8221; use_row_as_full_screen_section=&#8221;no&#8221; type=&#8221;full_width&#8221; angled_section=&#8221;no&#8221; text_align=&#8221;left&#8221; background_image_as_pattern=&#8221;without_pattern&#8221;][vc_column][vc_column_text][\/vc_column_text][\/vc_column][\/vc_row][vc_row css_animation=&#8221;&#8221; row_type=&#8221;row&#8221; use_row_as_full_screen_section=&#8221;no&#8221; type=&#8221;full_width&#8221; angled_section=&#8221;no&#8221; text_align=&#8221;left&#8221; background_image_as_pattern=&#8221;without_pattern&#8221;][vc_column][vc_empty_space height=&#8221;60px&#8221;][\/vc_column][\/vc_row][vc_row css_animation=&#8221;&#8221; row_type=&#8221;row&#8221; use_row_as_full_screen_section=&#8221;no&#8221; type=&#8221;full_width&#8221; angled_section=&#8221;no&#8221; text_align=&#8221;left&#8221; background_image_as_pattern=&#8221;without_pattern&#8221;][vc_column][vc_column_text]<\/p>\r\n\r\n<p><p>[\/vc_column_text][\/vc_column][\/vc_row][vc_row css_animation=&#8221;&#8221; row_type=&#8221;row&#8221; use_row_as_full_screen_section=&#8221;no&#8221; type=&#8221;grid&#8221; angled_section=&#8221;no&#8221; text_align=&#8221;center&#8221; background_image_as_pattern=&#8221;without_pattern&#8221; z_index=&#8221;&#8221;][vc_column width=&#8221;1\/2&#8243;][vc_column_text]<a href=\"https:\/\/xaviermonsalvatje.com\/wp-content\/uploads\/2026\/03\/Keith-Haring-Banderola.jpg\"><img loading=\"lazy\" decoding=\"async\" class=\"wp-image-1850 aligncenter\" src=\"https:\/\/xaviermonsalvatje.com\/wp-content\/uploads\/2026\/03\/Keith-Haring-Banderola.jpg\" alt=\"\" width=\"250\" height=\"600\" srcset=\"https:\/\/xaviermonsalvatje.com\/wp-content\/uploads\/2026\/03\/Keith-Haring-Banderola.jpg 850w, https:\/\/xaviermonsalvatje.com\/wp-content\/uploads\/2026\/03\/Keith-Haring-Banderola-125x300.jpg 125w, https:\/\/xaviermonsalvatje.com\/wp-content\/uploads\/2026\/03\/Keith-Haring-Banderola-427x1024.jpg 427w, https:\/\/xaviermonsalvatje.com\/wp-content\/uploads\/2026\/03\/Keith-Haring-Banderola-768x1843.jpg 768w, https:\/\/xaviermonsalvatje.com\/wp-content\/uploads\/2026\/03\/Keith-Haring-Banderola-640x1536.jpg 640w, https:\/\/xaviermonsalvatje.com\/wp-content\/uploads\/2026\/03\/Keith-Haring-Banderola-700x1680.jpg 700w\" sizes=\"auto, (max-width: 250px) 100vw, 250px\" \/><\/a>[\/vc_column_text][vc_empty_space][\/vc_column][vc_column width=&#8221;1\/2&#8243;][vc_column_text]<a href=\"https:\/\/xaviermonsalvatje.com\/wp-content\/uploads\/2026\/03\/Keith-Haring-cartel.jpg\"><img loading=\"lazy\" decoding=\"async\" class=\"alignnone wp-image-1852 size-full\" src=\"https:\/\/xaviermonsalvatje.com\/wp-content\/uploads\/2026\/03\/Keith-Haring-cartel.jpg\" alt=\"\" width=\"850\" height=\"609\" srcset=\"https:\/\/xaviermonsalvatje.com\/wp-content\/uploads\/2026\/03\/Keith-Haring-cartel.jpg 850w, https:\/\/xaviermonsalvatje.com\/wp-content\/uploads\/2026\/03\/Keith-Haring-cartel-300x215.jpg 300w, https:\/\/xaviermonsalvatje.com\/wp-content\/uploads\/2026\/03\/Keith-Haring-cartel-768x550.jpg 768w, https:\/\/xaviermonsalvatje.com\/wp-content\/uploads\/2026\/03\/Keith-Haring-cartel-700x502.jpg 700w\" sizes=\"auto, (max-width: 850px) 100vw, 850px\" \/><\/a>[\/vc_column_text][vc_empty_space height=&#8221;60px&#8221;][vc_column_text]<\/p>\n<p>Banner and poster for the traveling exhibition *Apocalypse: Keith Haring and William Burroughs* at the Jos\u00e9 Saramago Center in Granada. Xavier Monsalvatje served as the exhibition\u2019s designer and artistic director. In collaboration with Javier Ib\u00e1\u00f1ez\u2019s studio and Contempor\u00e1nea.<\/p>\n<p>[\/vc_column_text][vc_empty_space][\/vc_column][\/vc_row][vc_row css_animation=&#8221;&#8221; row_type=&#8221;row&#8221; use_row_as_full_screen_section=&#8221;no&#8221; type=&#8221;grid&#8221; angled_section=&#8221;no&#8221; text_align=&#8221;center&#8221; background_image_as_pattern=&#8221;without_pattern&#8221; z_index=&#8221;&#8221;][vc_column width=&#8221;1\/2&#8243;][vc_column_text]<a href=\"https:\/\/xaviermonsalvatje.com\/wp-content\/uploads\/2026\/03\/Fundacion-Antonio-Perez.jpg\"><img loading=\"lazy\" decoding=\"async\" class=\"aligncenter wp-image-1846\" src=\"https:\/\/xaviermonsalvatje.com\/wp-content\/uploads\/2026\/03\/Fundacion-Antonio-Perez.jpg\" alt=\"\" width=\"400\" height=\"560\" srcset=\"https:\/\/xaviermonsalvatje.com\/wp-content\/uploads\/2026\/03\/Fundacion-Antonio-Perez.jpg 643w, https:\/\/xaviermonsalvatje.com\/wp-content\/uploads\/2026\/03\/Fundacion-Antonio-Perez-214x300.jpg 214w\" sizes=\"auto, (max-width: 400px) 100vw, 400px\" \/><\/a>[\/vc_column_text][vc_empty_space][\/vc_column][vc_column width=&#8221;1\/2&#8243;][vc_column_text]<a href=\"https:\/\/xaviermonsalvatje.com\/wp-content\/uploads\/2026\/03\/XavierMonsalvatje02.jpg\"><img loading=\"lazy\" decoding=\"async\" class=\"aligncenter wp-image-1866\" src=\"https:\/\/xaviermonsalvatje.com\/wp-content\/uploads\/2026\/03\/XavierMonsalvatje02.jpg\" alt=\"\" width=\"400\" height=\"587\" srcset=\"https:\/\/xaviermonsalvatje.com\/wp-content\/uploads\/2026\/03\/XavierMonsalvatje02.jpg 850w, https:\/\/xaviermonsalvatje.com\/wp-content\/uploads\/2026\/03\/XavierMonsalvatje02-204x300.jpg 204w, https:\/\/xaviermonsalvatje.com\/wp-content\/uploads\/2026\/03\/XavierMonsalvatje02-698x1024.jpg 698w, https:\/\/xaviermonsalvatje.com\/wp-content\/uploads\/2026\/03\/XavierMonsalvatje02-768x1127.jpg 768w, https:\/\/xaviermonsalvatje.com\/wp-content\/uploads\/2026\/03\/XavierMonsalvatje02-700x1027.jpg 700w\" sizes=\"auto, (max-width: 400px) 100vw, 400px\" \/><\/a>[\/vc_column_text][vc_empty_space][\/vc_column][\/vc_row][vc_row css_animation=&#8221;&#8221; row_type=&#8221;row&#8221; use_row_as_full_screen_section=&#8221;no&#8221; type=&#8221;grid&#8221; angled_section=&#8221;no&#8221; text_align=&#8221;center&#8221; background_image_as_pattern=&#8221;without_pattern&#8221; z_index=&#8221;&#8221;][vc_column][vc_column_text]<\/p>\n<p>Posters for Xavier Monsalvatje\u2019s dual exhibition at the Antonio P\u00e9rez Foundation in San Clemente and Cuenca. In collaboration with the studios Javier Ib\u00e1\u00f1ez y Cabeza and Muslo<\/p>\n<p>[\/vc_column_text][vc_empty_space][\/vc_column][\/vc_row][vc_row css_animation=&#8221;&#8221; row_type=&#8221;row&#8221; use_row_as_full_screen_section=&#8221;no&#8221; type=&#8221;grid&#8221; angled_section=&#8221;no&#8221; text_align=&#8221;center&#8221; background_image_as_pattern=&#8221;without_pattern&#8221; z_index=&#8221;&#8221;][vc_column width=&#8221;1\/2&#8243;][vc_column_text]<a href=\"https:\/\/xaviermonsalvatje.com\/wp-content\/uploads\/2026\/03\/american-clay.jpg\"><img loading=\"lazy\" decoding=\"async\" class=\"aligncenter wp-image-1840\" src=\"https:\/\/xaviermonsalvatje.com\/wp-content\/uploads\/2026\/03\/american-clay.jpg\" alt=\"\" width=\"400\" height=\"571\" srcset=\"https:\/\/xaviermonsalvatje.com\/wp-content\/uploads\/2026\/03\/american-clay.jpg 850w, https:\/\/xaviermonsalvatje.com\/wp-content\/uploads\/2026\/03\/american-clay-210x300.jpg 210w, https:\/\/xaviermonsalvatje.com\/wp-content\/uploads\/2026\/03\/american-clay-717x1024.jpg 717w, https:\/\/xaviermonsalvatje.com\/wp-content\/uploads\/2026\/03\/american-clay-768x1097.jpg 768w, https:\/\/xaviermonsalvatje.com\/wp-content\/uploads\/2026\/03\/american-clay-700x1000.jpg 700w\" sizes=\"auto, (max-width: 400px) 100vw, 400px\" \/><\/a>[\/vc_column_text][vc_empty_space][\/vc_column][vc_column width=&#8221;1\/2&#8243;][vc_column_text]<a href=\"https:\/\/xaviermonsalvatje.com\/wp-content\/uploads\/2026\/03\/CARTELchristofer.jpg\"><img loading=\"lazy\" decoding=\"async\" class=\"aligncenter wp-image-1842\" src=\"https:\/\/xaviermonsalvatje.com\/wp-content\/uploads\/2026\/03\/CARTELchristofer.jpg\" alt=\"\" width=\"400\" height=\"566\" srcset=\"https:\/\/xaviermonsalvatje.com\/wp-content\/uploads\/2026\/03\/CARTELchristofer.jpg 850w, https:\/\/xaviermonsalvatje.com\/wp-content\/uploads\/2026\/03\/CARTELchristofer-212x300.jpg 212w, https:\/\/xaviermonsalvatje.com\/wp-content\/uploads\/2026\/03\/CARTELchristofer-724x1024.jpg 724w, https:\/\/xaviermonsalvatje.com\/wp-content\/uploads\/2026\/03\/CARTELchristofer-768x1086.jpg 768w, https:\/\/xaviermonsalvatje.com\/wp-content\/uploads\/2026\/03\/CARTELchristofer-700x990.jpg 700w\" sizes=\"auto, (max-width: 400px) 100vw, 400px\" \/><\/a>[\/vc_column_text][vc_empty_space][\/vc_column][\/vc_row][vc_row css_animation=&#8221;&#8221; row_type=&#8221;row&#8221; use_row_as_full_screen_section=&#8221;no&#8221; type=&#8221;grid&#8221; angled_section=&#8221;no&#8221; text_align=&#8221;center&#8221; background_image_as_pattern=&#8221;without_pattern&#8221; z_index=&#8221;&#8221;][vc_column][vc_column_text]<\/p>\n<p>Posters for the traveling exhibition *American Clay*, curated by Xavier Monsalvatje. Alcora Ceramics Museum, Castell\u00f3n, and the National Pottery and Ceramics Fair, Navarrete, La Rioja. In collaboration with the Javier Ib\u00e1\u00f1ez studio.<\/p>\n<p>[\/vc_column_text][vc_empty_space][\/vc_column][\/vc_row][vc_row css_animation=&#8221;&#8221; row_type=&#8221;row&#8221; use_row_as_full_screen_section=&#8221;no&#8221; type=&#8221;grid&#8221; angled_section=&#8221;no&#8221; text_align=&#8221;center&#8221; background_image_as_pattern=&#8221;without_pattern&#8221; z_index=&#8221;&#8221;][vc_column width=&#8221;1\/2&#8243;][vc_column_text]<a href=\"https:\/\/xaviermonsalvatje.com\/wp-content\/uploads\/2026\/03\/SINDOKMA-1.jpg\"><img loading=\"lazy\" decoding=\"async\" class=\"aligncenter wp-image-1864\" src=\"https:\/\/xaviermonsalvatje.com\/wp-content\/uploads\/2026\/03\/SINDOKMA-1.jpg\" alt=\"\" width=\"400\" height=\"558\" srcset=\"https:\/\/xaviermonsalvatje.com\/wp-content\/uploads\/2026\/03\/SINDOKMA-1.jpg 850w, https:\/\/xaviermonsalvatje.com\/wp-content\/uploads\/2026\/03\/SINDOKMA-1-215x300.jpg 215w, https:\/\/xaviermonsalvatje.com\/wp-content\/uploads\/2026\/03\/SINDOKMA-1-734x1024.jpg 734w, https:\/\/xaviermonsalvatje.com\/wp-content\/uploads\/2026\/03\/SINDOKMA-1-768x1072.jpg 768w, https:\/\/xaviermonsalvatje.com\/wp-content\/uploads\/2026\/03\/SINDOKMA-1-700x977.jpg 700w\" sizes=\"auto, (max-width: 400px) 100vw, 400px\" \/><\/a>[\/vc_column_text][vc_empty_space][vc_column_text]<\/p>\n<p>Poster for the Sindokma Artist\u2019s Book Fair Organized by MAKMA (Journal of Visual Arts and Contemporary Culture). In collaboration with the Javier Ib\u00e1\u00f1ez studio.<\/p>\n<p>[\/vc_column_text][vc_empty_space][\/vc_column][vc_column width=&#8221;1\/2&#8243;][vc_column_text]<a href=\"https:\/\/xaviermonsalvatje.com\/wp-content\/uploads\/2026\/03\/Jornadas-ilustracion-Alzira.jpg\"><img loading=\"lazy\" decoding=\"async\" class=\"aligncenter wp-image-1848\" src=\"https:\/\/xaviermonsalvatje.com\/wp-content\/uploads\/2026\/03\/Jornadas-ilustracion-Alzira.jpg\" alt=\"\" width=\"400\" height=\"566\" srcset=\"https:\/\/xaviermonsalvatje.com\/wp-content\/uploads\/2026\/03\/Jornadas-ilustracion-Alzira.jpg 850w, https:\/\/xaviermonsalvatje.com\/wp-content\/uploads\/2026\/03\/Jornadas-ilustracion-Alzira-212x300.jpg 212w, https:\/\/xaviermonsalvatje.com\/wp-content\/uploads\/2026\/03\/Jornadas-ilustracion-Alzira-724x1024.jpg 724w, https:\/\/xaviermonsalvatje.com\/wp-content\/uploads\/2026\/03\/Jornadas-ilustracion-Alzira-768x1086.jpg 768w, https:\/\/xaviermonsalvatje.com\/wp-content\/uploads\/2026\/03\/Jornadas-ilustracion-Alzira-700x990.jpg 700w\" sizes=\"auto, (max-width: 400px) 100vw, 400px\" \/><\/a>[\/vc_column_text][vc_empty_space][vc_column_text]<\/p>\n<p>Poster for the 6th Alzira Illustration Conference Alzira City Council, Valencia. In collaboration with the Javier Ib\u00e1\u00f1ez studio.<\/p>\n<p>[\/vc_column_text][vc_empty_space][\/vc_column][\/vc_row][vc_row css_animation=&#8221;&#8221; row_type=&#8221;row&#8221; use_row_as_full_screen_section=&#8221;no&#8221; type=&#8221;grid&#8221; angled_section=&#8221;no&#8221; text_align=&#8221;center&#8221; background_image_as_pattern=&#8221;without_pattern&#8221; z_index=&#8221;&#8221;][vc_column width=&#8221;1\/2&#8243;][vc_column_text]<a href=\"https:\/\/xaviermonsalvatje.com\/wp-content\/uploads\/2026\/03\/obra-asociacion-amigos-museo-manises.jpg\"><img loading=\"lazy\" decoding=\"async\" class=\"aligncenter wp-image-1856\" src=\"https:\/\/xaviermonsalvatje.com\/wp-content\/uploads\/2026\/03\/obra-asociacion-amigos-museo-manises.jpg\" alt=\"\" width=\"400\" height=\"584\" srcset=\"https:\/\/xaviermonsalvatje.com\/wp-content\/uploads\/2026\/03\/obra-asociacion-amigos-museo-manises.jpg 850w, https:\/\/xaviermonsalvatje.com\/wp-content\/uploads\/2026\/03\/obra-asociacion-amigos-museo-manises-205x300.jpg 205w, https:\/\/xaviermonsalvatje.com\/wp-content\/uploads\/2026\/03\/obra-asociacion-amigos-museo-manises-701x1024.jpg 701w, https:\/\/xaviermonsalvatje.com\/wp-content\/uploads\/2026\/03\/obra-asociacion-amigos-museo-manises-768x1122.jpg 768w, https:\/\/xaviermonsalvatje.com\/wp-content\/uploads\/2026\/03\/obra-asociacion-amigos-museo-manises-700x1023.jpg 700w\" sizes=\"auto, (max-width: 400px) 100vw, 400px\" \/><\/a>[\/vc_column_text][vc_empty_space][vc_column_text]<\/p>\n<p>Poster for the Friends of the Manises Ceramics Museum Association, Manises, Valencia. In collaboration with the Javier Ib\u00e1\u00f1ez studio.<\/p>\n<p>[\/vc_column_text][vc_empty_space][\/vc_column][vc_column width=&#8221;1\/2&#8243;][vc_column_text]<a href=\"https:\/\/xaviermonsalvatje.com\/wp-content\/uploads\/2026\/03\/Cartel-CICEMA.jpg\"><img loading=\"lazy\" decoding=\"async\" class=\"wp-image-1844 aligncenter\" src=\"https:\/\/xaviermonsalvatje.com\/wp-content\/uploads\/2026\/03\/Cartel-CICEMA.jpg\" alt=\"\" width=\"400\" height=\"570\" srcset=\"https:\/\/xaviermonsalvatje.com\/wp-content\/uploads\/2026\/03\/Cartel-CICEMA.jpg 850w, https:\/\/xaviermonsalvatje.com\/wp-content\/uploads\/2026\/03\/Cartel-CICEMA-211x300.jpg 211w, https:\/\/xaviermonsalvatje.com\/wp-content\/uploads\/2026\/03\/Cartel-CICEMA-719x1024.jpg 719w, https:\/\/xaviermonsalvatje.com\/wp-content\/uploads\/2026\/03\/Cartel-CICEMA-768x1094.jpg 768w, https:\/\/xaviermonsalvatje.com\/wp-content\/uploads\/2026\/03\/Cartel-CICEMA-700x997.jpg 700w\" sizes=\"auto, (max-width: 400px) 100vw, 400px\" \/><\/a>[\/vc_column_text][vc_empty_space][vc_column_text]<\/p>\n<p>Poster for the 1st Manises International Ceramic Film Festival, Manises, Valencia. Collaboration with the Javier Ib\u00e1\u00f1ez studio.<\/p>\n<p>[\/vc_column_text][vc_empty_space][\/vc_column][\/vc_row][vc_row css_animation=&#8221;&#8221; row_type=&#8221;row&#8221; use_row_as_full_screen_section=&#8221;no&#8221; type=&#8221;grid&#8221; angled_section=&#8221;no&#8221; text_align=&#8221;center&#8221; background_image_as_pattern=&#8221;without_pattern&#8221; z_index=&#8221;&#8221;][vc_column width=&#8221;1\/2&#8243;][vc_column_text]<a href=\"https:\/\/xaviermonsalvatje.com\/wp-content\/uploads\/2026\/03\/Sant-Agustiin-Bocairent.jpg\"><img loading=\"lazy\" decoding=\"async\" class=\"aligncenter wp-image-1862\" src=\"https:\/\/xaviermonsalvatje.com\/wp-content\/uploads\/2026\/03\/Sant-Agustiin-Bocairent.jpg\" alt=\"\" width=\"400\" height=\"560\" srcset=\"https:\/\/xaviermonsalvatje.com\/wp-content\/uploads\/2026\/03\/Sant-Agustiin-Bocairent.jpg 850w, https:\/\/xaviermonsalvatje.com\/wp-content\/uploads\/2026\/03\/Sant-Agustiin-Bocairent-214x300.jpg 214w, https:\/\/xaviermonsalvatje.com\/wp-content\/uploads\/2026\/03\/Sant-Agustiin-Bocairent-731x1024.jpg 731w, https:\/\/xaviermonsalvatje.com\/wp-content\/uploads\/2026\/03\/Sant-Agustiin-Bocairent-768x1076.jpg 768w, https:\/\/xaviermonsalvatje.com\/wp-content\/uploads\/2026\/03\/Sant-Agustiin-Bocairent-700x981.jpg 700w\" sizes=\"auto, (max-width: 400px) 100vw, 400px\" \/><\/a>[\/vc_column_text][vc_empty_space][vc_column_text]<\/p>\n<p>Poster for the San Agust\u00edn Summer Festival. In collaboration with the Javier Ib\u00e1\u00f1ez studio.<\/p>\n<p>[\/vc_column_text][vc_empty_space][\/vc_column][vc_column width=&#8221;1\/2&#8243;][vc_column_text]<a href=\"https:\/\/xaviermonsalvatje.com\/wp-content\/uploads\/2026\/03\/Les-Danses.jpg\"><img loading=\"lazy\" decoding=\"async\" class=\"aligncenter wp-image-1854\" src=\"https:\/\/xaviermonsalvatje.com\/wp-content\/uploads\/2026\/03\/Les-Danses.jpg\" alt=\"\" width=\"400\" height=\"561\" srcset=\"https:\/\/xaviermonsalvatje.com\/wp-content\/uploads\/2026\/03\/Les-Danses.jpg 850w, https:\/\/xaviermonsalvatje.com\/wp-content\/uploads\/2026\/03\/Les-Danses-214x300.jpg 214w, https:\/\/xaviermonsalvatje.com\/wp-content\/uploads\/2026\/03\/Les-Danses-730x1024.jpg 730w, https:\/\/xaviermonsalvatje.com\/wp-content\/uploads\/2026\/03\/Les-Danses-768x1078.jpg 768w, https:\/\/xaviermonsalvatje.com\/wp-content\/uploads\/2026\/03\/Les-Danses-700x982.jpg 700w\" sizes=\"auto, (max-width: 400px) 100vw, 400px\" \/><\/a>[\/vc_column_text][vc_empty_space][vc_column_text]<\/p>\n<p>Poster for the Bocairent Dances. Bocairent City Council, Valencia. In collaboration with the Javier Ib\u00e1\u00f1ez studio.<\/p>\n<p>[\/vc_column_text][vc_empty_space][\/vc_column][\/vc_row][vc_row css_animation=&#8221;&#8221; row_type=&#8221;row&#8221; use_row_as_full_screen_section=&#8221;no&#8221; type=&#8221;full_width&#8221; angled_section=&#8221;no&#8221; text_align=&#8221;left&#8221; background_image_as_pattern=&#8221;without_pattern&#8221;][vc_column][vc_column_text]<\/p>\n<p>\n[\/vc_column_text][\/vc_column][\/vc_row]<\/p>","protected":false},"excerpt":{"rendered":"<p>[vc_row css_animation=&#8221;&#8221; row_type=&#8221;row&#8221; use_row_as_full_screen_section=&#8221;no&#8221; type=&#8221;full_width&#8221; angled_section=&#8221;no&#8221; text_align=&#8221;left&#8221; background_image_as_pattern=&#8221;without_pattern&#8221;][vc_column][vc_column_text][\/vc_column_text][\/vc_column][\/vc_row][vc_row css_animation=&#8221;&#8221; row_type=&#8221;row&#8221; use_row_as_full_screen_section=&#8221;no&#8221; type=&#8221;full_width&#8221; angled_section=&#8221;no&#8221; text_align=&#8221;left&#8221; background_image_as_pattern=&#8221;without_pattern&#8221;][vc_column][vc_empty_space height=&#8221;60px&#8221;][\/vc_column][\/vc_row][vc_row css_animation=&#8221;&#8221; row_type=&#8221;row&#8221; use_row_as_full_screen_section=&#8221;no&#8221; type=&#8221;full_width&#8221; angled_section=&#8221;no&#8221; text_align=&#8221;left&#8221; background_image_as_pattern=&#8221;without_pattern&#8221;][vc_column][vc_column_text] [\/vc_column_text][\/vc_column][\/vc_row]<\/p>\n","protected":false},"author":1,"featured_media":0,"parent":0,"menu_order":0,"comment_status":"closed","ping_status":"closed","template":"full_width.php","meta":{"footnotes":""},"class_list":["post-2082","page","type-page","status-publish","hentry"],"_links":{"self":[{"href":"https:\/\/xaviermonsalvatje.com\/en\/wp-json\/wp\/v2\/pages\/2082","targetHints":{"allow":["GET"]}}],"collection":[{"href":"https:\/\/xaviermonsalvatje.com\/en\/wp-json\/wp\/v2\/pages"}],"about":[{"href":"https:\/\/xaviermonsalvatje.com\/en\/wp-json\/wp\/v2\/types\/page"}],"author":[{"embeddable":true,"href":"https:\/\/xaviermonsalvatje.com\/en\/wp-json\/wp\/v2\/users\/1"}],"replies":[{"embeddable":true,"href":"https:\/\/xaviermonsalvatje.com\/en\/wp-json\/wp\/v2\/comments?post=2082"}],"version-history":[{"count":3,"href":"https:\/\/xaviermonsalvatje.com\/en\/wp-json\/wp\/v2\/pages\/2082\/revisions"}],"predecessor-version":[{"id":2086,"href":"https:\/\/xaviermonsalvatje.com\/en\/wp-json\/wp\/v2\/pages\/2082\/revisions\/2086"}],"wp:attachment":[{"href":"https:\/\/xaviermonsalvatje.com\/en\/wp-json\/wp\/v2\/media?parent=2082"}],"curies":[{"name":"wp","href":"https:\/\/api.w.org\/{rel}","templated":true}]}}